{"id":41,"date":"2024-05-29T10:09:37","date_gmt":"2024-05-29T08:09:37","guid":{"rendered":"https:\/\/tkirchmann.com\/?page_id=41"},"modified":"2025-02-14T09:31:29","modified_gmt":"2025-02-14T08:31:29","slug":"skatcounter-privacy-policy","status":"publish","type":"page","link":"https:\/\/tkirchmann.com\/de\/skatcounter-privacy-policy\/","title":{"rendered":"Skat Counter Datenschutzerkl\u00e4rung"},"content":{"rendered":"<p class=\"has-medium-font-size\">Ihre Privatsph\u00e4re ist mir wichtig. Diese Richtlinie erkl\u00e4rt, wie Skat Counter mit Ihren Daten umgeht:<\/p>\n\n\n\n<p class=\"has-medium-font-size\"><strong>Ausschlie\u00dflich lokale Daten:<\/strong><\/p>\n\n\n\n<p class=\"has-medium-font-size\">Alle Daten, einschlie\u00dflich Serien, Spiele, Statistiken und Einstellungen, werden lokal auf Ihrem Ger\u00e4t gespeichert. Keine Daten werden extern gespeichert oder \u00fcbertragen.<\/p>\n\n\n\n<p class=\"has-medium-font-size\"><strong>Werbung:<\/strong><\/p>\n\n\n\n<p class=\"has-medium-font-size\">Skat Counter verwendet Google Ads, um Werbung anzuzeigen. Google Ads kann Daten wie Cookies oder Ger\u00e4tekennungen sammeln, um Werbung zu personalisieren und die Leistung der Anzeigen zu verbessern. Die Zustimmung zur Personalisierung der Werbung wird direkt in der App \u00fcber das Google-Zustimmungs-Popup verwaltet, das den Anforderungen der Datenschutz-Grundverordnung (DSGVO) entspricht. Nutzer k\u00f6nnen durch das Zustimmungs-Popup auf nicht personalisierte Werbung umschalten.<\/p>\n\n\n\n<p class=\"has-medium-font-size\">F\u00fcr weitere Informationen dar\u00fcber, wie Google mit Ihren Daten umgeht, lesen Sie bitte die <a href=\"https:\/\/policies.google.com\/privacy\" data-type=\"link\" data-id=\"https:\/\/policies.google.com\/privacy\">Datenschutzerkl\u00e4rung von Google<\/a>.<\/p>\n\n\n\n<p class=\"has-medium-font-size\"><strong>Kontakt:<\/strong><\/p>\n\n\n\n<p class=\"has-medium-font-size\">Wenn Sie Fragen zu dieser Datenschutzerkl\u00e4rung haben, k\u00f6nnen Sie mich unter folgender E-Mail-Adresse kontaktieren: <a href=\"mailto:skatcounter@gmail.com\">skatcounter@gmail.com<\/a>.<\/p>\n\n\n\n<p class=\"has-medium-font-size\"><\/p>\n\n\n\n<p class=\"has-medium-font-size\"><\/p>\n\n\n\n<p class=\"has-medium-font-size\">Zuletzt aktualisiert: 11. Dezember 2024<\/p>\n\n\n\n<p class=\"has-medium-font-size\"><\/p>","protected":false},"excerpt":{"rendered":"<p>Your privacy is important to me. This policy explains how Skat Counter handles your data: Local Data Only: All data, including series, games, statistics and preferences, is stored locally on your device. No data is saved externally or transferred to or from your device. Advertisements: Skat Counter uses Google Ads to display advertisements. Google Ads [&hellip;]<\/p>","protected":false},"author":1,"featured_media":0,"parent":0,"menu_order":0,"comment_status":"closed","ping_status":"closed","template":"","meta":{"ocean_post_layout":"","ocean_both_sidebars_style":"","ocean_both_sidebars_content_width":0,"ocean_both_sidebars_sidebars_width":0,"ocean_sidebar":"","ocean_second_sidebar":"","ocean_disable_margins":"enable","ocean_add_body_class":"","ocean_shortcode_before_top_bar":"","ocean_shortcode_after_top_bar":"","ocean_shortcode_before_header":"","ocean_shortcode_after_header":"","ocean_has_shortcode":"","ocean_shortcode_after_title":"","ocean_shortcode_before_footer_widgets":"","ocean_shortcode_after_footer_widgets":"","ocean_shortcode_before_footer_bottom":"","ocean_shortcode_after_footer_bottom":"","ocean_display_top_bar":"default","ocean_display_header":"default","ocean_header_style":"","ocean_center_header_left_menu":"","ocean_custom_header_template":"","ocean_custom_logo":0,"ocean_custom_retina_logo":0,"ocean_custom_logo_max_width":0,"ocean_custom_logo_tablet_max_width":0,"ocean_custom_logo_mobile_max_width":0,"ocean_custom_logo_max_height":0,"ocean_custom_logo_tablet_max_height":0,"ocean_custom_logo_mobile_max_height":0,"ocean_header_custom_menu":"","ocean_menu_typo_font_family":"","ocean_menu_typo_font_subset":"","ocean_menu_typo_font_size":0,"ocean_menu_typo_font_size_tablet":0,"ocean_menu_typo_font_size_mobile":0,"ocean_menu_typo_font_size_unit":"px","ocean_menu_typo_font_weight":"","ocean_menu_typo_font_weight_tablet":"","ocean_menu_typo_font_weight_mobile":"","ocean_menu_typo_transform":"","ocean_menu_typo_transform_tablet":"","ocean_menu_typo_transform_mobile":"","ocean_menu_typo_line_height":0,"ocean_menu_typo_line_height_tablet":0,"ocean_menu_typo_line_height_mobile":0,"ocean_menu_typo_line_height_unit":"","ocean_menu_typo_spacing":0,"ocean_menu_typo_spacing_tablet":0,"ocean_menu_typo_spacing_mobile":0,"ocean_menu_typo_spacing_unit":"","ocean_menu_link_color":"","ocean_menu_link_color_hover":"","ocean_menu_link_color_active":"","ocean_menu_link_background":"","ocean_menu_link_hover_background":"","ocean_menu_link_active_background":"","ocean_menu_social_links_bg":"","ocean_menu_social_hover_links_bg":"","ocean_menu_social_links_color":"","ocean_menu_social_hover_links_color":"","ocean_disable_title":"default","ocean_disable_heading":"default","ocean_post_title":"","ocean_post_subheading":"","ocean_post_title_style":"","ocean_post_title_background_color":"","ocean_post_title_background":0,"ocean_post_title_bg_image_position":"","ocean_post_title_bg_image_attachment":"","ocean_post_title_bg_image_repeat":"","ocean_post_title_bg_image_size":"","ocean_post_title_height":0,"ocean_post_title_bg_overlay":0.5,"ocean_post_title_bg_overlay_color":"","ocean_disable_breadcrumbs":"default","ocean_breadcrumbs_color":"","ocean_breadcrumbs_separator_color":"","ocean_breadcrumbs_links_color":"","ocean_breadcrumbs_links_hover_color":"","ocean_display_footer_widgets":"default","ocean_display_footer_bottom":"default","ocean_custom_footer_template":"","footnotes":""},"class_list":["post-41","page","type-page","status-publish","hentry","entry"],"_links":{"self":[{"href":"https:\/\/tkirchmann.com\/de\/wp-json\/wp\/v2\/pages\/41","targetHints":{"allow":["GET"]}}],"collection":[{"href":"https:\/\/tkirchmann.com\/de\/wp-json\/wp\/v2\/pages"}],"about":[{"href":"https:\/\/tkirchmann.com\/de\/wp-json\/wp\/v2\/types\/page"}],"author":[{"embeddable":true,"href":"https:\/\/tkirchmann.com\/de\/wp-json\/wp\/v2\/users\/1"}],"replies":[{"embeddable":true,"href":"https:\/\/tkirchmann.com\/de\/wp-json\/wp\/v2\/comments?post=41"}],"version-history":[{"count":13,"href":"https:\/\/tkirchmann.com\/de\/wp-json\/wp\/v2\/pages\/41\/revisions"}],"predecessor-version":[{"id":489,"href":"https:\/\/tkirchmann.com\/de\/wp-json\/wp\/v2\/pages\/41\/revisions\/489"}],"wp:attachment":[{"href":"https:\/\/tkirchmann.com\/de\/wp-json\/wp\/v2\/media?parent=41"}],"curies":[{"name":"wp","href":"https:\/\/api.w.org\/{rel}","templated":true}]}}