{"id":16,"date":"2024-05-29T09:36:27","date_gmt":"2024-05-29T07:36:27","guid":{"rendered":"https:\/\/tkirchmann.com\/?page_id=16"},"modified":"2025-02-14T09:23:30","modified_gmt":"2025-02-14T08:23:30","slug":"skatcounter","status":"publish","type":"page","link":"https:\/\/tkirchmann.com\/de\/skatcounter\/","title":{"rendered":"Skat Z\u00e4hler"},"content":{"rendered":"<div class=\"wp-block-group is-content-justification-left is-nowrap is-layout-flex wp-container-core-group-is-layout-f56a869c wp-block-group-is-layout-flex\">\n<figure class=\"wp-block-image size-full is-resized\"><img loading=\"lazy\" decoding=\"async\" width=\"512\" height=\"512\" src=\"https:\/\/tkirchmann.com\/wp-content\/uploads\/2025\/02\/skatcounter_icon.png\" alt=\"\" class=\"wp-image-328\" style=\"width:89px;height:auto\" srcset=\"https:\/\/tkirchmann.com\/wp-content\/uploads\/2025\/02\/skatcounter_icon.png 512w, https:\/\/tkirchmann.com\/wp-content\/uploads\/2025\/02\/skatcounter_icon-300x300.png 300w, https:\/\/tkirchmann.com\/wp-content\/uploads\/2025\/02\/skatcounter_icon-150x150.png 150w\" sizes=\"auto, (max-width: 512px) 100vw, 512px\" \/><\/figure>\n\n\n\n<div style=\"height:100px;width:0px\" aria-hidden=\"true\" class=\"wp-block-spacer wp-container-content-d613cd94\"><\/div>\n\n\n\n<p class=\"has-text-align-left has-large-font-size\"><strong>Das ist Skat Z\u00e4hler<\/strong>.<\/p>\n<\/div>\n\n\n\n<div style=\"height:20px\" aria-hidden=\"true\" class=\"wp-block-spacer\"><\/div>\n\n\n\n<hr class=\"wp-block-separator alignfull has-text-color has-black-color has-alpha-channel-opacity has-black-background-color has-background is-style-wide custom-separator\"\/>\n\n\n\n<div style=\"height:20px\" aria-hidden=\"true\" class=\"wp-block-spacer\"><\/div>\n\n\n\n<div class=\"wp-block-columns is-layout-flex wp-container-core-columns-is-layout-9d6595d7 wp-block-columns-is-layout-flex\">\n<div class=\"wp-block-column is-layout-flow wp-block-column-is-layout-flow\">\n<p class=\"has-text-align-center custom-title has-medium-font-size\"><strong>Spielerprofile erstellen \u2014 Verwalte deine Mitspieler einfach lokal.<\/strong><\/p>\n\n\n\n<figure class=\"wp-block-image size-large\"><img loading=\"lazy\" decoding=\"async\" width=\"473\" height=\"1024\" src=\"https:\/\/tkirchmann.com\/wp-content\/uploads\/2025\/02\/phone_player_de.png\" alt=\"\" class=\"wp-image-350\" srcset=\"https:\/\/tkirchmann.com\/wp-content\/uploads\/2025\/02\/phone_player_de.png 1080w, https:\/\/tkirchmann.com\/wp-content\/uploads\/2025\/02\/phone_player_de-138x300.png 138w, https:\/\/tkirchmann.com\/wp-content\/uploads\/2025\/02\/phone_player_de-473x1024.png 473w, https:\/\/tkirchmann.com\/wp-content\/uploads\/2025\/02\/phone_player_de-768x1664.png 768w, https:\/\/tkirchmann.com\/wp-content\/uploads\/2025\/02\/phone_player_de-709x1536.png 709w, https:\/\/tkirchmann.com\/wp-content\/uploads\/2025\/02\/phone_player_de-945x2048.png 945w, https:\/\/tkirchmann.com\/wp-content\/uploads\/2025\/02\/phone_player_de-6x12.png 6w\" sizes=\"auto, (max-width: 473px) 100vw, 473px\" \/><\/figure>\n<\/div>\n\n\n\n<div class=\"wp-block-column is-layout-flow wp-block-column-is-layout-flow\">\n<p class=\"has-text-align-center custom-title has-medium-font-size\"><strong>Serien mit 3 oder 4 Spielern \u2014 Flexibel anpassbar f\u00fcr jede Runde.<\/strong><\/p>\n\n\n\n<figure class=\"wp-block-image size-large\"><img loading=\"lazy\" decoding=\"async\" width=\"473\" height=\"1024\" src=\"https:\/\/tkirchmann.com\/wp-content\/uploads\/2025\/02\/phone_series_details_de.png\" alt=\"\" class=\"wp-image-352\" srcset=\"https:\/\/tkirchmann.com\/wp-content\/uploads\/2025\/02\/phone_series_details_de.png 1080w, https:\/\/tkirchmann.com\/wp-content\/uploads\/2025\/02\/phone_series_details_de-138x300.png 138w, https:\/\/tkirchmann.com\/wp-content\/uploads\/2025\/02\/phone_series_details_de-473x1024.png 473w, https:\/\/tkirchmann.com\/wp-content\/uploads\/2025\/02\/phone_series_details_de-768x1664.png 768w, https:\/\/tkirchmann.com\/wp-content\/uploads\/2025\/02\/phone_series_details_de-709x1536.png 709w, https:\/\/tkirchmann.com\/wp-content\/uploads\/2025\/02\/phone_series_details_de-945x2048.png 945w, https:\/\/tkirchmann.com\/wp-content\/uploads\/2025\/02\/phone_series_details_de-6x12.png 6w\" sizes=\"auto, (max-width: 473px) 100vw, 473px\" \/><\/figure>\n<\/div>\n\n\n\n<div class=\"wp-block-column is-layout-flow wp-block-column-is-layout-flow\">\n<p class=\"has-text-align-center custom-title has-medium-font-size\"><strong>Automatische Punkteberechnung \u2014 Nie wieder manuelles Rechnen n\u00f6tig.<\/strong><\/p>\n\n\n\n<figure class=\"wp-block-image size-large\"><img loading=\"lazy\" decoding=\"async\" width=\"461\" height=\"1024\" src=\"https:\/\/tkirchmann.com\/wp-content\/uploads\/2025\/02\/skat_counter_scores_de-2.jpg\" alt=\"\" class=\"wp-image-355\" srcset=\"https:\/\/tkirchmann.com\/wp-content\/uploads\/2025\/02\/skat_counter_scores_de-2.jpg 921w, https:\/\/tkirchmann.com\/wp-content\/uploads\/2025\/02\/skat_counter_scores_de-2-135x300.jpg 135w, https:\/\/tkirchmann.com\/wp-content\/uploads\/2025\/02\/skat_counter_scores_de-2-461x1024.jpg 461w, https:\/\/tkirchmann.com\/wp-content\/uploads\/2025\/02\/skat_counter_scores_de-2-768x1708.jpg 768w, https:\/\/tkirchmann.com\/wp-content\/uploads\/2025\/02\/skat_counter_scores_de-2-691x1536.jpg 691w, https:\/\/tkirchmann.com\/wp-content\/uploads\/2025\/02\/skat_counter_scores_de-2-5x12.jpg 5w\" sizes=\"auto, (max-width: 461px) 100vw, 461px\" \/><\/figure>\n<\/div>\n<\/div>\n\n\n\n<div class=\"wp-block-columns is-layout-flex wp-container-core-columns-is-layout-9d6595d7 wp-block-columns-is-layout-flex\">\n<div class=\"wp-block-column is-layout-flow wp-block-column-is-layout-flow\" style=\"flex-basis:66.66%\"><\/div>\n<\/div>\n\n\n\n<hr class=\"wp-block-separator alignfull has-alpha-channel-opacity is-style-wide custom-separator block-visibility-hide-small-screen\"\/>\n\n\n\n<div style=\"height:20px\" aria-hidden=\"true\" class=\"wp-block-spacer block-visibility-hide-small-screen\"><\/div>\n\n\n\n<div class=\"wp-block-columns is-layout-flex wp-container-core-columns-is-layout-9d6595d7 wp-block-columns-is-layout-flex\">\n<div class=\"wp-block-column is-layout-flow wp-block-column-is-layout-flow\">\n<p class=\"has-text-align-center custom-title has-medium-font-size\"><strong>Umfassende Statistiken \u2014 Verfolge deine Forschritte und die deiner Mitspieler.<\/strong><\/p>\n\n\n\n<figure class=\"wp-block-image size-large\"><img loading=\"lazy\" decoding=\"async\" width=\"473\" height=\"1024\" src=\"https:\/\/tkirchmann.com\/wp-content\/uploads\/2025\/02\/phone_statistic_de.png\" alt=\"\" class=\"wp-image-353\" srcset=\"https:\/\/tkirchmann.com\/wp-content\/uploads\/2025\/02\/phone_statistic_de.png 1080w, https:\/\/tkirchmann.com\/wp-content\/uploads\/2025\/02\/phone_statistic_de-138x300.png 138w, https:\/\/tkirchmann.com\/wp-content\/uploads\/2025\/02\/phone_statistic_de-473x1024.png 473w, https:\/\/tkirchmann.com\/wp-content\/uploads\/2025\/02\/phone_statistic_de-768x1664.png 768w, https:\/\/tkirchmann.com\/wp-content\/uploads\/2025\/02\/phone_statistic_de-709x1536.png 709w, https:\/\/tkirchmann.com\/wp-content\/uploads\/2025\/02\/phone_statistic_de-945x2048.png 945w, https:\/\/tkirchmann.com\/wp-content\/uploads\/2025\/02\/phone_statistic_de-6x12.png 6w\" sizes=\"auto, (max-width: 473px) 100vw, 473px\" \/><\/figure>\n<\/div>\n\n\n\n<div class=\"wp-block-column is-layout-flow wp-block-column-is-layout-flow\">\n<p class=\"has-medium-font-size\"><strong>Spielhistorie \u2014 Erfasse und \u00fcberpr\u00fcfe alle gespielten Spiele.<\/strong><\/p>\n\n\n\n<figure class=\"wp-block-image size-large\"><img loading=\"lazy\" decoding=\"async\" width=\"461\" height=\"1024\" src=\"https:\/\/tkirchmann.com\/wp-content\/uploads\/2025\/02\/skat_counter_create_game_de.jpg\" alt=\"\" class=\"wp-image-473\" srcset=\"https:\/\/tkirchmann.com\/wp-content\/uploads\/2025\/02\/skat_counter_create_game_de.jpg 921w, https:\/\/tkirchmann.com\/wp-content\/uploads\/2025\/02\/skat_counter_create_game_de-135x300.jpg 135w, https:\/\/tkirchmann.com\/wp-content\/uploads\/2025\/02\/skat_counter_create_game_de-461x1024.jpg 461w, https:\/\/tkirchmann.com\/wp-content\/uploads\/2025\/02\/skat_counter_create_game_de-768x1708.jpg 768w, https:\/\/tkirchmann.com\/wp-content\/uploads\/2025\/02\/skat_counter_create_game_de-691x1536.jpg 691w, https:\/\/tkirchmann.com\/wp-content\/uploads\/2025\/02\/skat_counter_create_game_de-5x12.jpg 5w\" sizes=\"auto, (max-width: 461px) 100vw, 461px\" \/><\/figure>\n<\/div>\n\n\n\n<div class=\"wp-block-column is-layout-flow wp-block-column-is-layout-flow\">\n<p class=\"has-text-align-center custom-title has-medium-font-size\"><strong>Zeitlimits setzen \u2014 Bestimme die Dauer deiner Serien.<\/strong><\/p>\n\n\n\n<figure class=\"wp-block-image size-large\"><img loading=\"lazy\" decoding=\"async\" width=\"461\" height=\"1024\" src=\"https:\/\/tkirchmann.com\/wp-content\/uploads\/2025\/02\/skat_counter_time_limit_de.jpg\" alt=\"\" class=\"wp-image-357\" srcset=\"https:\/\/tkirchmann.com\/wp-content\/uploads\/2025\/02\/skat_counter_time_limit_de.jpg 921w, https:\/\/tkirchmann.com\/wp-content\/uploads\/2025\/02\/skat_counter_time_limit_de-135x300.jpg 135w, https:\/\/tkirchmann.com\/wp-content\/uploads\/2025\/02\/skat_counter_time_limit_de-461x1024.jpg 461w, https:\/\/tkirchmann.com\/wp-content\/uploads\/2025\/02\/skat_counter_time_limit_de-768x1708.jpg 768w, https:\/\/tkirchmann.com\/wp-content\/uploads\/2025\/02\/skat_counter_time_limit_de-691x1536.jpg 691w, https:\/\/tkirchmann.com\/wp-content\/uploads\/2025\/02\/skat_counter_time_limit_de-5x12.jpg 5w\" sizes=\"auto, (max-width: 461px) 100vw, 461px\" \/><\/figure>\n<\/div>\n<\/div>\n\n\n\n<div style=\"height:20px\" aria-hidden=\"true\" class=\"wp-block-spacer\"><\/div>\n\n\n\n<hr class=\"wp-block-separator alignfull has-alpha-channel-opacity is-style-wide custom-separator\"\/>\n\n\n\n<div style=\"height:20px\" aria-hidden=\"true\" class=\"wp-block-spacer\"><\/div>\n\n\n\n<p class=\"has-medium-font-size\"><strong>Warum Skat Counter?<\/strong><\/p>\n\n\n\n<p class=\"has-medium-font-size\">\u2714 Einfache Bedienung \u2014 Intuitiv und ideal f\u00fcr alle Altersklassen.<br>\u2714 Ger\u00e4teoptimiert \u2014 L\u00e4uft perfekt auf Smartphones, Foldables, Tablets und Desktop-PCs.<br>\u2714 Regelm\u00e4\u00dfige Updates \u2014 Neue Features und Verbesserungen sind bereits in Arbeit!<\/p>\n\n\n\n<p><\/p>\n\n\n\n<figure class=\"wp-block-image size-full\"><a href=\"https:\/\/play.google.com\/store\/apps\/details?id=de.tkirchmann.skatcounter\"><img loading=\"lazy\" decoding=\"async\" width=\"270\" height=\"80\" src=\"https:\/\/tkirchmann.com\/wp-content\/uploads\/2025\/02\/GetItOnGooglePlay_Badge_Web_color_English.png\" alt=\"\" class=\"wp-image-277\"\/><\/a><\/figure>\n\n\n\n<div style=\"height:20px\" aria-hidden=\"true\" class=\"wp-block-spacer\"><\/div>\n\n\n\n<p class=\"has-medium-font-size\"><strong>Feedback und Support<\/strong>:<br>Dein Feedback ist mir wichtig! Falls du Fragen hast, Unterst\u00fctzung ben\u00f6tigst oder neue Vorschl\u00e4ge machen m\u00f6chtest, erreichst du mich unter <a href=\"mailto:skatcounter@gmail.com\">skatcounter@gmail.com<\/a>.<\/p>\n\n\n\n<p class=\"has-medium-font-size\">Ich freue mich, von dir zu h\u00f6ren und dir weiterzuhelfen!<\/p>\n\n\n\n<div class=\"wp-block-group is-vertical is-layout-flex wp-container-core-group-is-layout-8cf370e7 wp-block-group-is-layout-flex\">\n<p class=\"has-medium-font-size\"><a href=\"https:\/\/tkirchmann.com\/de\/skatcounter-privacy-policy\/\" data-type=\"page\" data-id=\"41\">Datenschutzerkl\u00e4rung<\/a><\/p>\n\n\n\n<p class=\"has-medium-font-size\"><a href=\"https:\/\/tkirchmann.com\/de\/skat-counter-eula-end-user-license-agreement\/\" data-type=\"page\" data-id=\"95\">EULA (Endbenutzer-Lizenzvereinbarung)<\/a><\/p>\n<\/div>\n\n\n\n<p><\/p>","protected":false},"excerpt":{"rendered":"<p>This is Skat Counter. Create player profiles \u2014 Easily manage your local Skat group. Series with 3 or 4 players \u2014 Fully adaptable to any game. Automatic score calculation \u2014 No manual math needed. Comprehensive statistics \u2014 Track your progress and that of your opponents. Game history \u2014 Capture and review each game played. Set [&hellip;]<\/p>","protected":false},"author":1,"featured_media":0,"parent":0,"menu_order":0,"comment_status":"closed","ping_status":"closed","template":"","meta":{"ocean_post_layout":"","ocean_both_sidebars_style":"","ocean_both_sidebars_content_width":0,"ocean_both_sidebars_sidebars_width":0,"ocean_sidebar":"","ocean_second_sidebar":"","ocean_disable_margins":"enable","ocean_add_body_class":"","ocean_shortcode_before_top_bar":"","ocean_shortcode_after_top_bar":"","ocean_shortcode_before_header":"","ocean_shortcode_after_header":"","ocean_has_shortcode":"","ocean_shortcode_after_title":"","ocean_shortcode_before_footer_widgets":"","ocean_shortcode_after_footer_widgets":"","ocean_shortcode_before_footer_bottom":"","ocean_shortcode_after_footer_bottom":"","ocean_display_top_bar":"default","ocean_display_header":"default","ocean_header_style":"","ocean_center_header_left_menu":"","ocean_custom_header_template":"","ocean_custom_logo":0,"ocean_custom_retina_logo":0,"ocean_custom_logo_max_width":0,"ocean_custom_logo_tablet_max_width":0,"ocean_custom_logo_mobile_max_width":0,"ocean_custom_logo_max_height":0,"ocean_custom_logo_tablet_max_height":0,"ocean_custom_logo_mobile_max_height":0,"ocean_header_custom_menu":"","ocean_menu_typo_font_family":"","ocean_menu_typo_font_subset":"","ocean_menu_typo_font_size":0,"ocean_menu_typo_font_size_tablet":0,"ocean_menu_typo_font_size_mobile":0,"ocean_menu_typo_font_size_unit":"px","ocean_menu_typo_font_weight":"","ocean_menu_typo_font_weight_tablet":"","ocean_menu_typo_font_weight_mobile":"","ocean_menu_typo_transform":"","ocean_menu_typo_transform_tablet":"","ocean_menu_typo_transform_mobile":"","ocean_menu_typo_line_height":0,"ocean_menu_typo_line_height_tablet":0,"ocean_menu_typo_line_height_mobile":0,"ocean_menu_typo_line_height_unit":"","ocean_menu_typo_spacing":0,"ocean_menu_typo_spacing_tablet":0,"ocean_menu_typo_spacing_mobile":0,"ocean_menu_typo_spacing_unit":"","ocean_menu_link_color":"","ocean_menu_link_color_hover":"","ocean_menu_link_color_active":"","ocean_menu_link_background":"","ocean_menu_link_hover_background":"","ocean_menu_link_active_background":"","ocean_menu_social_links_bg":"","ocean_menu_social_hover_links_bg":"","ocean_menu_social_links_color":"","ocean_menu_social_hover_links_color":"","ocean_disable_title":"default","ocean_disable_heading":"default","ocean_post_title":"","ocean_post_subheading":"","ocean_post_title_style":"","ocean_post_title_background_color":"","ocean_post_title_background":0,"ocean_post_title_bg_image_position":"","ocean_post_title_bg_image_attachment":"","ocean_post_title_bg_image_repeat":"","ocean_post_title_bg_image_size":"","ocean_post_title_height":0,"ocean_post_title_bg_overlay":0.5,"ocean_post_title_bg_overlay_color":"","ocean_disable_breadcrumbs":"default","ocean_breadcrumbs_color":"","ocean_breadcrumbs_separator_color":"","ocean_breadcrumbs_links_color":"","ocean_breadcrumbs_links_hover_color":"","ocean_display_footer_widgets":"default","ocean_display_footer_bottom":"default","ocean_custom_footer_template":"","footnotes":""},"class_list":["post-16","page","type-page","status-publish","hentry","entry"],"_links":{"self":[{"href":"https:\/\/tkirchmann.com\/de\/wp-json\/wp\/v2\/pages\/16","targetHints":{"allow":["GET"]}}],"collection":[{"href":"https:\/\/tkirchmann.com\/de\/wp-json\/wp\/v2\/pages"}],"about":[{"href":"https:\/\/tkirchmann.com\/de\/wp-json\/wp\/v2\/types\/page"}],"author":[{"embeddable":true,"href":"https:\/\/tkirchmann.com\/de\/wp-json\/wp\/v2\/users\/1"}],"replies":[{"embeddable":true,"href":"https:\/\/tkirchmann.com\/de\/wp-json\/wp\/v2\/comments?post=16"}],"version-history":[{"count":57,"href":"https:\/\/tkirchmann.com\/de\/wp-json\/wp\/v2\/pages\/16\/revisions"}],"predecessor-version":[{"id":483,"href":"https:\/\/tkirchmann.com\/de\/wp-json\/wp\/v2\/pages\/16\/revisions\/483"}],"wp:attachment":[{"href":"https:\/\/tkirchmann.com\/de\/wp-json\/wp\/v2\/media?parent=16"}],"curies":[{"name":"wp","href":"https:\/\/api.w.org\/{rel}","templated":true}]}}